{"id":27,"date":"2024-03-11T11:50:06","date_gmt":"2024-03-11T10:50:06","guid":{"rendered":"https:\/\/www.bodaborg.se\/oxelosund\/?page_id=27"},"modified":"2026-03-10T11:16:19","modified_gmt":"2026-03-10T10:16:19","slug":"oppettider-och-priser","status":"publish","type":"page","link":"https:\/\/www.bodaborg.se\/oxelosund\/oppettider-och-priser\/","title":{"rendered":"\u00d6ppettider och priser"},"content":{"rendered":"","protected":false},"excerpt":{"rendered":"","protected":false},"author":1,"featured_media":0,"parent":0,"menu_order":0,"comment_status":"closed","ping_status":"closed","template":"","meta":{"footnotes":""},"class_list":["post-27","page","type-page","status-publish","hentry"],"acf":[],"yoast_head":"<!-- This site is optimized with the Yoast SEO plugin v27.3 - https:\/\/yoast.com\/product\/yoast-seo-wordpress\/ -->\n<title>\u00d6ppettider och priser - Boda Borg Oxel\u00f6sund<\/title>\n<meta name=\"description\" content=\"M\u00e5n-Fre kl 09-17, L\u00f6r kl 09-19, S\u00f6n kl 10-17. Priser: 2-timmarspass 210 kr\/person, 5-timmarspass 295 kr\/person. Tacobuff\u00e9: 120 kr\/ungdom (6-15 \u00e5r), 155 kr\/vuxen\" \/>\n<meta name=\"robots\" content=\"index, follow, max-snippet:-1, max-image-preview:large, max-video-preview:-1\" \/>\n<link rel=\"canonical\" href=\"https:\/\/www.bodaborg.se\/oxelosund\/oppettider-och-priser\/\" \/>\n<meta property=\"og:locale\" content=\"sv_SE\" \/>\n<meta property=\"og:type\" content=\"article\" \/>\n<meta property=\"og:title\" content=\"\u00d6ppettider och priser - Boda Borg Oxel\u00f6sund\" \/>\n<meta property=\"og:description\" content=\"M\u00e5n-Fre kl 09-17, L\u00f6r kl 09-19, S\u00f6n kl 10-17. Priser: 2-timmarspass 210 kr\/person, 5-timmarspass 295 kr\/person. Tacobuff\u00e9: 120 kr\/ungdom (6-15 \u00e5r), 155 kr\/vuxen\" \/>\n<meta property=\"og:url\" content=\"https:\/\/www.bodaborg.se\/oxelosund\/oppettider-och-priser\/\" \/>\n<meta property=\"og:site_name\" content=\"Boda Borg Oxel\u00f6sund\" \/>\n<meta property=\"article:modified_time\" content=\"2026-03-10T10:16:19+00:00\" \/>\n<meta name=\"twitter:card\" content=\"summary_large_image\" \/>\n<script type=\"application\/ld+json\" class=\"yoast-schema-graph\">{\"@context\":\"https:\\\/\\\/schema.org\",\"@graph\":[{\"@type\":\"WebPage\",\"@id\":\"https:\\\/\\\/www.bodaborg.se\\\/oxelosund\\\/oppettider-och-priser\\\/\",\"url\":\"https:\\\/\\\/www.bodaborg.se\\\/oxelosund\\\/oppettider-och-priser\\\/\",\"name\":\"\u00d6ppettider och priser - Boda Borg Oxel\u00f6sund\",\"isPartOf\":{\"@id\":\"https:\\\/\\\/www.bodaborg.se\\\/oxelosund\\\/#website\"},\"datePublished\":\"2024-03-11T10:50:06+00:00\",\"dateModified\":\"2026-03-10T10:16:19+00:00\",\"description\":\"M\u00e5n-Fre kl 09-17, L\u00f6r kl 09-19, S\u00f6n kl 10-17. Priser: 2-timmarspass 210 kr\\\/person, 5-timmarspass 295 kr\\\/person. Tacobuff\u00e9: 120 kr\\\/ungdom (6-15 \u00e5r), 155 kr\\\/vuxen\",\"breadcrumb\":{\"@id\":\"https:\\\/\\\/www.bodaborg.se\\\/oxelosund\\\/oppettider-och-priser\\\/#breadcrumb\"},\"inLanguage\":\"sv-SE\",\"potentialAction\":[{\"@type\":\"ReadAction\",\"target\":[\"https:\\\/\\\/www.bodaborg.se\\\/oxelosund\\\/oppettider-och-priser\\\/\"]}]},{\"@type\":\"BreadcrumbList\",\"@id\":\"https:\\\/\\\/www.bodaborg.se\\\/oxelosund\\\/oppettider-och-priser\\\/#breadcrumb\",\"itemListElement\":[{\"@type\":\"ListItem\",\"position\":1,\"name\":\"Home\",\"item\":\"https:\\\/\\\/www.bodaborg.se\\\/oxelosund\\\/\"},{\"@type\":\"ListItem\",\"position\":2,\"name\":\"\u00d6ppettider och priser\"}]},{\"@type\":\"WebSite\",\"@id\":\"https:\\\/\\\/www.bodaborg.se\\\/oxelosund\\\/#website\",\"url\":\"https:\\\/\\\/www.bodaborg.se\\\/oxelosund\\\/\",\"name\":\"Boda Borg Oxel\u00f6sund\",\"description\":\"\",\"potentialAction\":[{\"@type\":\"SearchAction\",\"target\":{\"@type\":\"EntryPoint\",\"urlTemplate\":\"https:\\\/\\\/www.bodaborg.se\\\/oxelosund\\\/?s={search_term_string}\"},\"query-input\":{\"@type\":\"PropertyValueSpecification\",\"valueRequired\":true,\"valueName\":\"search_term_string\"}}],\"inLanguage\":\"sv-SE\"}]}<\/script>\n<!-- \/ Yoast SEO plugin. -->","yoast_head_json":{"title":"\u00d6ppettider och priser - Boda Borg Oxel\u00f6sund","description":"M\u00e5n-Fre kl 09-17, L\u00f6r kl 09-19, S\u00f6n kl 10-17. Priser: 2-timmarspass 210 kr\/person, 5-timmarspass 295 kr\/person. Tacobuff\u00e9: 120 kr\/ungdom (6-15 \u00e5r), 155 kr\/vuxen","robots":{"index":"index","follow":"follow","max-snippet":"max-snippet:-1","max-image-preview":"max-image-preview:large","max-video-preview":"max-video-preview:-1"},"canonical":"https:\/\/www.bodaborg.se\/oxelosund\/oppettider-och-priser\/","og_locale":"sv_SE","og_type":"article","og_title":"\u00d6ppettider och priser - Boda Borg Oxel\u00f6sund","og_description":"M\u00e5n-Fre kl 09-17, L\u00f6r kl 09-19, S\u00f6n kl 10-17. Priser: 2-timmarspass 210 kr\/person, 5-timmarspass 295 kr\/person. Tacobuff\u00e9: 120 kr\/ungdom (6-15 \u00e5r), 155 kr\/vuxen","og_url":"https:\/\/www.bodaborg.se\/oxelosund\/oppettider-och-priser\/","og_site_name":"Boda Borg Oxel\u00f6sund","article_modified_time":"2026-03-10T10:16:19+00:00","twitter_card":"summary_large_image","schema":{"@context":"https:\/\/schema.org","@graph":[{"@type":"WebPage","@id":"https:\/\/www.bodaborg.se\/oxelosund\/oppettider-och-priser\/","url":"https:\/\/www.bodaborg.se\/oxelosund\/oppettider-och-priser\/","name":"\u00d6ppettider och priser - Boda Borg Oxel\u00f6sund","isPartOf":{"@id":"https:\/\/www.bodaborg.se\/oxelosund\/#website"},"datePublished":"2024-03-11T10:50:06+00:00","dateModified":"2026-03-10T10:16:19+00:00","description":"M\u00e5n-Fre kl 09-17, L\u00f6r kl 09-19, S\u00f6n kl 10-17. Priser: 2-timmarspass 210 kr\/person, 5-timmarspass 295 kr\/person. Tacobuff\u00e9: 120 kr\/ungdom (6-15 \u00e5r), 155 kr\/vuxen","breadcrumb":{"@id":"https:\/\/www.bodaborg.se\/oxelosund\/oppettider-och-priser\/#breadcrumb"},"inLanguage":"sv-SE","potentialAction":[{"@type":"ReadAction","target":["https:\/\/www.bodaborg.se\/oxelosund\/oppettider-och-priser\/"]}]},{"@type":"BreadcrumbList","@id":"https:\/\/www.bodaborg.se\/oxelosund\/oppettider-och-priser\/#breadcrumb","itemListElement":[{"@type":"ListItem","position":1,"name":"Home","item":"https:\/\/www.bodaborg.se\/oxelosund\/"},{"@type":"ListItem","position":2,"name":"\u00d6ppettider och priser"}]},{"@type":"WebSite","@id":"https:\/\/www.bodaborg.se\/oxelosund\/#website","url":"https:\/\/www.bodaborg.se\/oxelosund\/","name":"Boda Borg Oxel\u00f6sund","description":"","potentialAction":[{"@type":"SearchAction","target":{"@type":"EntryPoint","urlTemplate":"https:\/\/www.bodaborg.se\/oxelosund\/?s={search_term_string}"},"query-input":{"@type":"PropertyValueSpecification","valueRequired":true,"valueName":"search_term_string"}}],"inLanguage":"sv-SE"}]}},"_links":{"self":[{"href":"https:\/\/www.bodaborg.se\/oxelosund\/wp-json\/wp\/v2\/pages\/27","targetHints":{"allow":["GET"]}}],"collection":[{"href":"https:\/\/www.bodaborg.se\/oxelosund\/wp-json\/wp\/v2\/pages"}],"about":[{"href":"https:\/\/www.bodaborg.se\/oxelosund\/wp-json\/wp\/v2\/types\/page"}],"author":[{"embeddable":true,"href":"https:\/\/www.bodaborg.se\/oxelosund\/wp-json\/wp\/v2\/users\/1"}],"replies":[{"embeddable":true,"href":"https:\/\/www.bodaborg.se\/oxelosund\/wp-json\/wp\/v2\/comments?post=27"}],"version-history":[{"count":129,"href":"https:\/\/www.bodaborg.se\/oxelosund\/wp-json\/wp\/v2\/pages\/27\/revisions"}],"predecessor-version":[{"id":1741,"href":"https:\/\/www.bodaborg.se\/oxelosund\/wp-json\/wp\/v2\/pages\/27\/revisions\/1741"}],"wp:attachment":[{"href":"https:\/\/www.bodaborg.se\/oxelosund\/wp-json\/wp\/v2\/media?parent=27"}],"curies":[{"name":"wp","href":"https:\/\/api.w.org\/{rel}","templated":true}]}}